{"id":9,"date":"2014-05-12T18:01:42","date_gmt":"2014-05-12T16:01:42","guid":{"rendered":"http:\/\/cofcantabria.com\/wp\/?page_id=9"},"modified":"2014-05-27T10:18:18","modified_gmt":"2014-05-27T08:18:18","slug":"que-ofrece-el-centro-de-orientacion-familiar","status":"publish","type":"page","link":"https:\/\/www.cofcantabria.com\/?page_id=9","title":{"rendered":"\u00bfQu\u00e9 ofrece el Centro de Orientaci\u00f3n Familiar?"},"content":{"rendered":"<p>El Centro de Orientaci\u00f3n Familiar ofrece:<\/p>\n<ul>\n<li>Orientaci\u00f3n<\/li>\n<li>Asesoramiento<\/li>\n<li>Terapia<\/li>\n<li>Mediaci\u00f3n Familiar<\/li>\n<\/ul>\n<p>A trav\u00e9s de un equipo de especialistas:<\/p>\n<ul>\n<li>Psic\u00f3logo<\/li>\n<li>Terapeuta Familiar<\/li>\n<li>Psiquiatra<\/li>\n<li>Sex\u00f3logo<\/li>\n<li>Moralista<\/li>\n<li>Jurista<\/li>\n<li>etc.<\/li>\n<\/ul>\n<p>&nbsp;<\/p>\n<table style=\"height: 127px;\" width=\"337\">\n<tbody>\n<tr>\n<td bgcolor=\"#dddddd\">\n<ul>\n<li>Los servicios son gratuitos.<\/li>\n<li>Garantizamos el secreto profesional.<\/li>\n<li>Respetamos toda convicci\u00f3n moral.<\/li>\n<li>Defendemos la dignidad de la persona.<\/li>\n<\/ul>\n<\/td>\n<\/tr>\n<\/tbody>\n<\/table>\n<p>&nbsp;<\/p>\n<p>&nbsp;<\/p>\n<p>&nbsp;<\/p>\n","protected":false},"excerpt":{"rendered":"<p>El Centro de Orientaci\u00f3n Familiar ofrece: Orientaci\u00f3n Asesoramiento Terapia Mediaci\u00f3n Familiar A trav\u00e9s de un equipo de especialistas: Psic\u00f3logo Terapeuta [&hellip;]<\/p>\n","protected":false},"author":2,"featured_media":0,"parent":0,"menu_order":1,"comment_status":"closed","ping_status":"closed","template":"sidebar-page.php","meta":{"site-sidebar-layout":"default","site-content-layout":"","ast-site-content-layout":"","site-content-style":"default","site-sidebar-style":"default","ast-global-header-display":"","ast-banner-title-visibility":"","ast-main-header-display":"","ast-hfb-above-header-display":"","ast-hfb-below-header-display":"","ast-hfb-mobile-header-display":"","site-post-title":"","ast-breadcrumbs-content":"","ast-featured-img":"","footer-sml-layout":"","theme-transparent-header-meta":"","adv-header-id-meta":"","stick-header-meta":"","header-above-stick-meta":"","header-main-stick-meta":"","header-below-stick-meta":"","astra-migrate-meta-layouts":"default","ast-page-background-enabled":"default","ast-page-background-meta":{"desktop":{"background-color":"var(--ast-global-color-4)","background-image":"","background-repeat":"repeat","background-position":"center center","background-size":"auto","background-attachment":"scroll","background-type":"","background-media":"","overlay-type":"","overlay-color":"","overlay-gradient":""},"tablet":{"background-color":"","background-image":"","background-repeat":"repeat","background-position":"center center","background-size":"auto","background-attachment":"scroll","background-type":"","background-media":"","overlay-type":"","overlay-color":"","overlay-gradient":""},"mobile":{"background-color":"","background-image":"","background-repeat":"repeat","background-position":"center center","background-size":"auto","background-attachment":"scroll","background-type":"","background-media":"","overlay-type":"","overlay-color":"","overlay-gradient":""}},"ast-content-background-meta":{"desktop":{"background-color":"var(--ast-global-color-5)","background-image":"","background-repeat":"repeat","background-position":"center center","background-size":"auto","background-attachment":"scroll","background-type":"","background-media":"","overlay-type":"","overlay-color":"","overlay-gradient":""},"tablet":{"background-color":"var(--ast-global-color-5)","background-image":"","background-repeat":"repeat","background-position":"center center","background-size":"auto","background-attachment":"scroll","background-type":"","background-media":"","overlay-type":"","overlay-color":"","overlay-gradient":""},"mobile":{"background-color":"var(--ast-global-color-5)","background-image":"","background-repeat":"repeat","background-position":"center center","background-size":"auto","background-attachment":"scroll","background-type":"","background-media":"","overlay-type":"","overlay-color":"","overlay-gradient":""}},"footnotes":""},"_links":{"self":[{"href":"https:\/\/www.cofcantabria.com\/index.php?rest_route=\/wp\/v2\/pages\/9"}],"collection":[{"href":"https:\/\/www.cofcantabria.com\/index.php?rest_route=\/wp\/v2\/pages"}],"about":[{"href":"https:\/\/www.cofcantabria.com\/index.php?rest_route=\/wp\/v2\/types\/page"}],"author":[{"embeddable":true,"href":"https:\/\/www.cofcantabria.com\/index.php?rest_route=\/wp\/v2\/users\/2"}],"replies":[{"embeddable":true,"href":"https:\/\/www.cofcantabria.com\/index.php?rest_route=%2Fwp%2Fv2%2Fcomments&post=9"}],"version-history":[{"count":5,"href":"https:\/\/www.cofcantabria.com\/index.php?rest_route=\/wp\/v2\/pages\/9\/revisions"}],"predecessor-version":[{"id":58,"href":"https:\/\/www.cofcantabria.com\/index.php?rest_route=\/wp\/v2\/pages\/9\/revisions\/58"}],"wp:attachment":[{"href":"https:\/\/www.cofcantabria.com\/index.php?rest_route=%2Fwp%2Fv2%2Fmedia&parent=9"}],"curies":[{"name":"wp","href":"https:\/\/api.w.org\/{rel}","templated":true}]}}