{"id":21,"date":"2014-05-12T18:26:37","date_gmt":"2014-05-12T18:26:37","guid":{"rendered":"http:\/\/cofcantabria.com\/wp\/?page_id=21"},"modified":"2024-06-12T10:24:41","modified_gmt":"2024-06-12T08:24:41","slug":"quienes-somos","status":"publish","type":"page","link":"https:\/\/www.cofcantabria.com\/?page_id=21","title":{"rendered":"\u00bfQui\u00e9nes somos?"},"content":{"rendered":"<p><span style=\"text-decoration: underline;\">Presidentes (Delegados Diocesano de Familia)<\/span>:<\/p>\n<ul>\n<li>Jes\u00fas Carazo Calder\u00f3n<\/li>\n<li>Consuelo N\u00fa\u00f1ez<\/li>\n<\/ul>\n<p><span style=\"text-decoration: underline;\">Consiliario (Consiliario Delegaci\u00f3n de Familia)<\/span>:<\/p>\n<ul>\n<li>Juan Abad<\/li>\n<\/ul>\n<p><span style=\"text-decoration: underline;\">Coordinador<\/span>:<\/p>\n<ul>\n<li>Florencio Vega Gonzalo<\/li>\n<\/ul>\n<p><span style=\"text-decoration: underline;\">COF Santander<\/span>:<\/p>\n<ul>\n<li>Director &#8211; Florencio Vega Gonzalo<\/li>\n<li>Tesorero &#8211; Roberto Barqu\u00edn Negrete<\/li>\n<li>Psic\u00f3loga &#8211; Francisca Ramos Moreno<\/li>\n<\/ul>\n<p><span style=\"text-decoration: underline;\">COF Torrelavega<\/span>:<\/p>\n<ul>\n<li>Director &#8211; Rufino Casta\u00f1eda Marcos<\/li>\n<li>Tesorero &#8211; Francisco Javier Verges Rold\u00e1n<\/li>\n<li>Psic\u00f3loga &#8211; Gema Exposito Eguren<\/li>\n<\/ul>\n<p><span style=\"text-decoration: underline;\">COF Laredo<\/span>:<\/p>\n<ul>\n<li>Director &#8211; Isabel Artieta Mara\u00f1\u00f3n<\/li>\n<li>Tesorero &#8211; Josefa Saro Posse<\/li>\n<li>Psic\u00f3loga &#8211; Bego\u00f1a Arroyo Bakaikoa<\/li>\n<\/ul>\n<p>&nbsp;<\/p>\n<p>&nbsp;<\/p>\n<p>&nbsp;<\/p>\n","protected":false},"excerpt":{"rendered":"<p>Presidentes (Delegados Diocesano de Familia): Jes\u00fas Carazo Calder\u00f3n Consuelo N\u00fa\u00f1ez Consiliario (Consiliario Delegaci\u00f3n de Familia): Juan Abad Coordinador: Florencio Vega [&hellip;]<\/p>\n","protected":false},"author":2,"featured_media":0,"parent":0,"menu_order":0,"comment_status":"closed","ping_status":"open","template":"sidebar-page.php","meta":{"site-sidebar-layout":"default","site-content-layout":"","ast-site-content-layout":"","site-content-style":"default","site-sidebar-style":"default","ast-global-header-display":"","ast-banner-title-visibility":"","ast-main-header-display":"","ast-hfb-above-header-display":"","ast-hfb-below-header-display":"","ast-hfb-mobile-header-display":"","site-post-title":"","ast-breadcrumbs-content":"","ast-featured-img":"","footer-sml-layout":"","theme-transparent-header-meta":"","adv-header-id-meta":"","stick-header-meta":"","header-above-stick-meta":"","header-main-stick-meta":"","header-below-stick-meta":"","astra-migrate-meta-layouts":"default","ast-page-background-enabled":"default","ast-page-background-meta":{"desktop":{"background-color":"var(--ast-global-color-4)","background-image":"","background-repeat":"repeat","background-position":"center center","background-size":"auto","background-attachment":"scroll","background-type":"","background-media":"","overlay-type":"","overlay-color":"","overlay-gradient":""},"tablet":{"background-color":"","background-image":"","background-repeat":"repeat","background-position":"center center","background-size":"auto","background-attachment":"scroll","background-type":"","background-media":"","overlay-type":"","overlay-color":"","overlay-gradient":""},"mobile":{"background-color":"","background-image":"","background-repeat":"repeat","background-position":"center center","background-size":"auto","background-attachment":"scroll","background-type":"","background-media":"","overlay-type":"","overlay-color":"","overlay-gradient":""}},"ast-content-background-meta":{"desktop":{"background-color":"var(--ast-global-color-5)","background-image":"","background-repeat":"repeat","background-position":"center center","background-size":"auto","background-attachment":"scroll","background-type":"","background-media":"","overlay-type":"","overlay-color":"","overlay-gradient":""},"tablet":{"background-color":"var(--ast-global-color-5)","background-image":"","background-repeat":"repeat","background-position":"center center","background-size":"auto","background-attachment":"scroll","background-type":"","background-media":"","overlay-type":"","overlay-color":"","overlay-gradient":""},"mobile":{"background-color":"var(--ast-global-color-5)","background-image":"","background-repeat":"repeat","background-position":"center center","background-size":"auto","background-attachment":"scroll","background-type":"","background-media":"","overlay-type":"","overlay-color":"","overlay-gradient":""}},"footnotes":""},"_links":{"self":[{"href":"https:\/\/www.cofcantabria.com\/index.php?rest_route=\/wp\/v2\/pages\/21"}],"collection":[{"href":"https:\/\/www.cofcantabria.com\/index.php?rest_route=\/wp\/v2\/pages"}],"about":[{"href":"https:\/\/www.cofcantabria.com\/index.php?rest_route=\/wp\/v2\/types\/page"}],"author":[{"embeddable":true,"href":"https:\/\/www.cofcantabria.com\/index.php?rest_route=\/wp\/v2\/users\/2"}],"replies":[{"embeddable":true,"href":"https:\/\/www.cofcantabria.com\/index.php?rest_route=%2Fwp%2Fv2%2Fcomments&post=21"}],"version-history":[{"count":6,"href":"https:\/\/www.cofcantabria.com\/index.php?rest_route=\/wp\/v2\/pages\/21\/revisions"}],"predecessor-version":[{"id":344,"href":"https:\/\/www.cofcantabria.com\/index.php?rest_route=\/wp\/v2\/pages\/21\/revisions\/344"}],"wp:attachment":[{"href":"https:\/\/www.cofcantabria.com\/index.php?rest_route=%2Fwp%2Fv2%2Fmedia&parent=21"}],"curies":[{"name":"wp","href":"https:\/\/api.w.org\/{rel}","templated":true}]}}