{"id":207,"date":"2024-04-11T11:22:25","date_gmt":"2024-04-11T09:22:25","guid":{"rendered":"https:\/\/www.cofcantabria.com\/?page_id=207"},"modified":"2024-07-24T13:05:32","modified_gmt":"2024-07-24T11:05:32","slug":"home","status":"publish","type":"page","link":"https:\/\/www.cofcantabria.com\/","title":{"rendered":"Home"},"content":{"rendered":"\t\t<div data-elementor-type=\"wp-page\" data-elementor-id=\"207\" class=\"elementor elementor-207\" data-elementor-post-type=\"page\">\n\t\t\t\t<div class=\"elementor-element elementor-element-0eedb40 e-con-full e-flex e-con e-parent\" data-id=\"0eedb40\" data-element_type=\"container\" data-core-v316-plus=\"true\">\n\t\t\t\t<div class=\"elementor-element elementor-element-186100d elementor-widget elementor-widget-heading\" data-id=\"186100d\" data-element_type=\"widget\" data-widget_type=\"heading.default\">\n\t\t\t\t<div class=\"elementor-widget-container\">\n\t\t\t<style>\/*! elementor - v3.20.0 - 26-03-2024 *\/\n.elementor-heading-title{padding:0;margin:0;line-height:1}.elementor-widget-heading .elementor-heading-title[class*=elementor-size-]>a{color:inherit;font-size:inherit;line-height:inherit}.elementor-widget-heading .elementor-heading-title.elementor-size-small{font-size:15px}.elementor-widget-heading .elementor-heading-title.elementor-size-medium{font-size:19px}.elementor-widget-heading .elementor-heading-title.elementor-size-large{font-size:29px}.elementor-widget-heading .elementor-heading-title.elementor-size-xl{font-size:39px}.elementor-widget-heading .elementor-heading-title.elementor-size-xxl{font-size:59px}<\/style><h2 class=\"elementor-heading-title elementor-size-default\">Un centro especializado al servicio de la familia<\/h2>\t\t<\/div>\n\t\t\t\t<\/div>\n\t\t\t\t<\/div>\n\t\t<div class=\"elementor-element elementor-element-ed55f2f e-con-full e-flex e-con e-parent\" data-id=\"ed55f2f\" data-element_type=\"container\" data-core-v316-plus=\"true\">\n\t\t\t\t<div class=\"elementor-element elementor-element-6374e03 elementor-widget elementor-widget-spacer\" data-id=\"6374e03\" data-element_type=\"widget\" data-widget_type=\"spacer.default\">\n\t\t\t\t<div class=\"elementor-widget-container\">\n\t\t\t<style>\/*! elementor - v3.20.0 - 26-03-2024 *\/\n.elementor-column .elementor-spacer-inner{height:var(--spacer-size)}.e-con{--container-widget-width:100%}.e-con-inner>.elementor-widget-spacer,.e-con>.elementor-widget-spacer{width:var(--container-widget-width,var(--spacer-size));--align-self:var(--container-widget-align-self,initial);--flex-shrink:0}.e-con-inner>.elementor-widget-spacer>.elementor-widget-container,.e-con>.elementor-widget-spacer>.elementor-widget-container{height:100%;width:100%}.e-con-inner>.elementor-widget-spacer>.elementor-widget-container>.elementor-spacer,.e-con>.elementor-widget-spacer>.elementor-widget-container>.elementor-spacer{height:100%}.e-con-inner>.elementor-widget-spacer>.elementor-widget-container>.elementor-spacer>.elementor-spacer-inner,.e-con>.elementor-widget-spacer>.elementor-widget-container>.elementor-spacer>.elementor-spacer-inner{height:var(--container-widget-height,var(--spacer-size))}.e-con-inner>.elementor-widget-spacer.elementor-widget-empty,.e-con>.elementor-widget-spacer.elementor-widget-empty{position:relative;min-height:22px;min-width:22px}.e-con-inner>.elementor-widget-spacer.elementor-widget-empty .elementor-widget-empty-icon,.e-con>.elementor-widget-spacer.elementor-widget-empty .elementor-widget-empty-icon{position:absolute;top:0;bottom:0;left:0;right:0;margin:auto;padding:0;width:22px;height:22px}<\/style>\t\t<div class=\"elementor-spacer\">\n\t\t\t<div class=\"elementor-spacer-inner\"><\/div>\n\t\t<\/div>\n\t\t\t\t<\/div>\n\t\t\t\t<\/div>\n\t\t\t\t<div class=\"elementor-element elementor-element-f5b59a6 elementor-widget elementor-widget-image\" data-id=\"f5b59a6\" data-element_type=\"widget\" data-widget_type=\"image.default\">\n\t\t\t\t<div class=\"elementor-widget-container\">\n\t\t\t<style>\/*! elementor - v3.20.0 - 26-03-2024 *\/\n.elementor-widget-image{text-align:center}.elementor-widget-image a{display:inline-block}.elementor-widget-image a img[src$=\".svg\"]{width:48px}.elementor-widget-image img{vertical-align:middle;display:inline-block}<\/style>\t\t\t\t\t\t\t\t\t\t<img fetchpriority=\"high\" decoding=\"async\" width=\"1024\" height=\"683\" src=\"https:\/\/www.cofcantabria.com\/wp-content\/uploads\/2024\/04\/xavier-mouton-photographie-ry_sD0P1ZL0-unsplash-1024x683.jpg\" class=\"attachment-large size-large wp-image-239\" alt=\"\" srcset=\"https:\/\/www.cofcantabria.com\/wp-content\/uploads\/2024\/04\/xavier-mouton-photographie-ry_sD0P1ZL0-unsplash-1024x683.jpg 1024w, https:\/\/www.cofcantabria.com\/wp-content\/uploads\/2024\/04\/xavier-mouton-photographie-ry_sD0P1ZL0-unsplash-300x200.jpg 300w, https:\/\/www.cofcantabria.com\/wp-content\/uploads\/2024\/04\/xavier-mouton-photographie-ry_sD0P1ZL0-unsplash-768x512.jpg 768w, https:\/\/www.cofcantabria.com\/wp-content\/uploads\/2024\/04\/xavier-mouton-photographie-ry_sD0P1ZL0-unsplash-1536x1024.jpg 1536w, https:\/\/www.cofcantabria.com\/wp-content\/uploads\/2024\/04\/xavier-mouton-photographie-ry_sD0P1ZL0-unsplash-2048x1365.jpg 2048w\" sizes=\"(max-width: 1024px) 100vw, 1024px\" \/>\t\t\t\t\t\t\t\t\t\t\t\t\t<\/div>\n\t\t\t\t<\/div>\n\t\t\t\t<\/div>\n\t\t<div class=\"elementor-element elementor-element-f196a06 e-flex e-con-boxed e-con e-parent\" data-id=\"f196a06\" data-element_type=\"container\" data-core-v316-plus=\"true\">\n\t\t\t\t\t<div class=\"e-con-inner\">\n\t\t\t\t<div class=\"elementor-element elementor-element-85723e3 elementor-widget elementor-widget-text-editor\" data-id=\"85723e3\" data-element_type=\"widget\" data-widget_type=\"text-editor.default\">\n\t\t\t\t<div class=\"elementor-widget-container\">\n\t\t\t<style>\/*! elementor - v3.20.0 - 26-03-2024 *\/\n.elementor-widget-text-editor.elementor-drop-cap-view-stacked .elementor-drop-cap{background-color:#69727d;color:#fff}.elementor-widget-text-editor.elementor-drop-cap-view-framed .elementor-drop-cap{color:#69727d;border:3px solid;background-color:transparent}.elementor-widget-text-editor:not(.elementor-drop-cap-view-default) .elementor-drop-cap{margin-top:8px}.elementor-widget-text-editor:not(.elementor-drop-cap-view-default) .elementor-drop-cap-letter{width:1em;height:1em}.elementor-widget-text-editor .elementor-drop-cap{float:left;text-align:center;line-height:1;font-size:50px}.elementor-widget-text-editor .elementor-drop-cap-letter{display:inline-block}<\/style>\t\t\t\t<header class=\"entry-header ast-no-thumbnail\"><h1 class=\"entry-title\">\u00bfQu\u00e9 es la Mediaci\u00f3n Familiar?<\/h1><\/header><div class=\"entry-content clear\"><p>\u00abEs el proceso mediante el cual las partes en conflicto, junto con la asistencia de una persona o personas neutrales, tratan de encontrar opciones, considerar alternativas y llegar a un acuerdo mutuo que se ajuste a sus necesidades\u00bb.<\/p><p>La mediaci\u00f3n es un proceso que:<\/p><ul><li>Hace hincapi\u00e9 en la propia responsabilidad de los participantes de tomar decisiones que influyen en sus vidas.<\/li><li>Confiere autoridad sobre s\u00ed misma a cada una de las partes.<\/li><li>Restablece la comunicaci\u00f3n, y crea una estrategia encaminada a facultar a las partes para el manejo de futuros conflictos.<\/li><li>Faculta a los participantes (pareja o familia) en la negociaci\u00f3n.<\/li><li>Permite a los participantes (pareja o familia) la oportunidad de tomar decisiones propias referentes a los hijos y a su porvenir.<\/li><li>Ofrece un acuerdo adaptado a las necesidades particulares de la familia.<\/li><\/ul><\/div>\t\t\t\t\t\t<\/div>\n\t\t\t\t<\/div>\n\t\t\t\t<div class=\"elementor-element elementor-element-30c44e3 elementor-widget elementor-widget-text-editor\" data-id=\"30c44e3\" data-element_type=\"widget\" data-widget_type=\"text-editor.default\">\n\t\t\t\t<div class=\"elementor-widget-container\">\n\t\t\t\t\t\t\t<header class=\"entry-header ast-no-thumbnail\"><h1 class=\"entry-title\">\u00bfA qui\u00e9n va dirigida?<\/h1><\/header><div class=\"entry-content clear\"><ul><li>A matrimonios y parejas en situaci\u00f3n de crisis que hayan decidido poner fin a su vida en com\u00fan (antes, durante y despu\u00e9s de la separaci\u00f3n y divorcio).<\/li><li>A familias acogedoras de un menor al que les une un parentesco (abuelos, t\u00edos, etc.) (Conflictos generacionales.<\/li><li>Personas acogedoras de un menor al que no les une un v\u00ednculo familiar (acogimiento judicial, etc.).<\/li><\/ul><\/div>\t\t\t\t\t\t<\/div>\n\t\t\t\t<\/div>\n\t\t\t\t<div class=\"elementor-element elementor-element-89d3656 elementor-widget elementor-widget-text-editor\" data-id=\"89d3656\" data-element_type=\"widget\" data-widget_type=\"text-editor.default\">\n\t\t\t\t<div class=\"elementor-widget-container\">\n\t\t\t\t\t\t\t<header class=\"entry-header ast-no-thumbnail\"><\/header><div class=\"entry-content clear\"><header class=\"entry-header ast-no-thumbnail\"><h1 class=\"entry-title\">\u00bfQu\u00e9 puede ser objeto de mediaci\u00f3n?<\/h1><\/header><div class=\"entry-content clear\"><p>Todas aquellas cuestiones derivadas de la ruptura de la pareja:<\/p><ul><li>Responsabilidades parentales: patria potestad, guardia y custodia, visitas, relaciones con los hijos, relaciones con la familia extensa.<\/li><\/ul><ul><li>Responsabilidades econ\u00f3micas: Necesidades y alimentos de los hijos, pensiones por desequilibrio, liquidaci\u00f3n r\u00e9gimen econ\u00f3mico.<\/li><\/ul><p>Cualquier otro conflicto surgido en el seno familiar o que pueda surgir en situaciones de acogimiento familiar: conflicto abuelos\/nietos, padres acogedores\/menores en acogida, etc.<\/p><\/div><\/div>\t\t\t\t\t\t<\/div>\n\t\t\t\t<\/div>\n\t\t\t\t<div class=\"elementor-element elementor-element-52f86fc elementor-widget elementor-widget-spacer\" data-id=\"52f86fc\" data-element_type=\"widget\" data-widget_type=\"spacer.default\">\n\t\t\t\t<div class=\"elementor-widget-container\">\n\t\t\t\t\t<div class=\"elementor-spacer\">\n\t\t\t<div class=\"elementor-spacer-inner\"><\/div>\n\t\t<\/div>\n\t\t\t\t<\/div>\n\t\t\t\t<\/div>\n\t\t\t\t\t<\/div>\n\t\t\t\t<\/div>\n\t\t\t\t<\/div>\n\t\t","protected":false},"excerpt":{"rendered":"<p>Un centro especializado al servicio de la familia \u00bfQu\u00e9 es la Mediaci\u00f3n Familiar? \u00abEs el proceso mediante el cual las [&hellip;]<\/p>\n","protected":false},"author":2,"featured_media":0,"parent":0,"menu_order":0,"comment_status":"closed","ping_status":"closed","template":"","meta":{"site-sidebar-layout":"no-sidebar","site-content-layout":"","ast-site-content-layout":"full-width-container","site-content-style":"default","site-sidebar-style":"default","ast-global-header-display":"","ast-banner-title-visibility":"","ast-main-header-display":"","ast-hfb-above-header-display":"","ast-hfb-below-header-display":"","ast-hfb-mobile-header-display":"","site-post-title":"disabled","ast-breadcrumbs-content":"","ast-featured-img":"disabled","footer-sml-layout":"","theme-transparent-header-meta":"","adv-header-id-meta":"","stick-header-meta":"","header-above-stick-meta":"","header-main-stick-meta":"","header-below-stick-meta":"","astra-migrate-meta-layouts":"default","ast-page-background-enabled":"default","ast-page-background-meta":{"desktop":{"background-color":"var(--ast-global-color-4)","background-image":"","background-repeat":"repeat","background-position":"center center","background-size":"auto","background-attachment":"scroll","background-type":"","background-media":"","overlay-type":"","overlay-color":"","overlay-gradient":""},"tablet":{"background-color":"","background-image":"","background-repeat":"repeat","background-position":"center center","background-size":"auto","background-attachment":"scroll","background-type":"","background-media":"","overlay-type":"","overlay-color":"","overlay-gradient":""},"mobile":{"background-color":"","background-image":"","background-repeat":"repeat","background-position":"center center","background-size":"auto","background-attachment":"scroll","background-type":"","background-media":"","overlay-type":"","overlay-color":"","overlay-gradient":""}},"ast-content-background-meta":{"desktop":{"background-color":"var(--ast-global-color-5)","background-image":"","background-repeat":"repeat","background-position":"center center","background-size":"auto","background-attachment":"scroll","background-type":"","background-media":"","overlay-type":"","overlay-color":"","overlay-gradient":""},"tablet":{"background-color":"var(--ast-global-color-5)","background-image":"","background-repeat":"repeat","background-position":"center center","background-size":"auto","background-attachment":"scroll","background-type":"","background-media":"","overlay-type":"","overlay-color":"","overlay-gradient":""},"mobile":{"background-color":"var(--ast-global-color-5)","background-image":"","background-repeat":"repeat","background-position":"center center","background-size":"auto","background-attachment":"scroll","background-type":"","background-media":"","overlay-type":"","overlay-color":"","overlay-gradient":""}},"footnotes":""},"_links":{"self":[{"href":"https:\/\/www.cofcantabria.com\/index.php?rest_route=\/wp\/v2\/pages\/207"}],"collection":[{"href":"https:\/\/www.cofcantabria.com\/index.php?rest_route=\/wp\/v2\/pages"}],"about":[{"href":"https:\/\/www.cofcantabria.com\/index.php?rest_route=\/wp\/v2\/types\/page"}],"author":[{"embeddable":true,"href":"https:\/\/www.cofcantabria.com\/index.php?rest_route=\/wp\/v2\/users\/2"}],"replies":[{"embeddable":true,"href":"https:\/\/www.cofcantabria.com\/index.php?rest_route=%2Fwp%2Fv2%2Fcomments&post=207"}],"version-history":[{"count":110,"href":"https:\/\/www.cofcantabria.com\/index.php?rest_route=\/wp\/v2\/pages\/207\/revisions"}],"predecessor-version":[{"id":489,"href":"https:\/\/www.cofcantabria.com\/index.php?rest_route=\/wp\/v2\/pages\/207\/revisions\/489"}],"wp:attachment":[{"href":"https:\/\/www.cofcantabria.com\/index.php?rest_route=%2Fwp%2Fv2%2Fmedia&parent=207"}],"curies":[{"name":"wp","href":"https:\/\/api.w.org\/{rel}","templated":true}]}}